{"id":26,"date":"2017-12-10T11:50:58","date_gmt":"2017-12-10T10:50:58","guid":{"rendered":"http:\/\/ur-tango.ch\/?page_id=26"},"modified":"2026-01-23T10:56:06","modified_gmt":"2026-01-23T09:56:06","slug":"startseite","status":"publish","type":"page","link":"https:\/\/ur-tango.ch\/","title":{"rendered":"Herzlich Willkommen beim UR-Tango"},"content":{"rendered":"\n<figure class=\"wp-block-image alignleft size-large is-resized\"><img loading=\"lazy\" decoding=\"async\" width=\"726\" height=\"1024\" src=\"https:\/\/ur-tango.ch\/wp-content\/uploads\/2026\/01\/Bild-Jubilaeumsanlass-726x1024.jpg\" alt=\"\" class=\"wp-image-498\" style=\"width:578px;height:auto\" srcset=\"https:\/\/ur-tango.ch\/wp-content\/uploads\/2026\/01\/Bild-Jubilaeumsanlass-726x1024.jpg 726w, https:\/\/ur-tango.ch\/wp-content\/uploads\/2026\/01\/Bild-Jubilaeumsanlass-213x300.jpg 213w, https:\/\/ur-tango.ch\/wp-content\/uploads\/2026\/01\/Bild-Jubilaeumsanlass-768x1083.jpg 768w, https:\/\/ur-tango.ch\/wp-content\/uploads\/2026\/01\/Bild-Jubilaeumsanlass-1090x1536.jpg 1090w, https:\/\/ur-tango.ch\/wp-content\/uploads\/2026\/01\/Bild-Jubilaeumsanlass.jpg 1240w\" sizes=\"auto, (max-width: 726px) 100vw, 726px\" \/><\/figure>\n\n\n\n<p>Der UR-Tango ist ein neuer Musikstil, den Robert Schmidt aus der Begegnung von argentinischem Tango und Innerschweizer Volksmusik entwickelt hat.<br>Der Verein UR-Tango organisiert das Tangotanzen im Kanton Uri und unterst\u00fctzt die musikalische Begegnung zwischen Innerschweizer Volksmusik und argentinischem Tango.<\/p>\n\n\n\n<p>Sind Sie interessiert?<br>Hier k\u00f6nnen Sie direkt in Kontakt mit uns treten: <a href=\"mailto:kontakt@ur-tango.ch\">kontakt@ur-tango.ch<\/a>. Oder tragen Sie sich unten auf der Seite in unseren Verteiler f\u00fcr den Newsletter ein, dann bleiben Sie immer auf dem Laufenden.<\/p>\n\n\n\n<h3 class=\"wp-block-heading\" id=\"naechste-termine\"><a href=\"#naechste-termine\">N\u00e4chste Termine<\/a> in 2026<\/h3>\n\n\n\n<p>in der Regel immer Sonntags von 18 bis 20 Uhr im Triff Altdorf, D\u00e4twylerstrasse 15, 6460 Altdorf<br><br>Sonntag, 25.01.2026 um&nbsp;<strong>10:00&nbsp;&nbsp;<\/strong>&nbsp;&nbsp;&nbsp;&nbsp;&nbsp;&nbsp;&nbsp;&nbsp;&nbsp;&nbsp;<strong>Morgen-Kurs<\/strong>&nbsp;mit Robert und Annette<\/p>\n\n\n\n<p>Sonntag, 08.02.2026 um 18:00&nbsp;&nbsp;&nbsp;&nbsp;&nbsp;&nbsp;&nbsp;&nbsp;&nbsp;&nbsp;&nbsp;&nbsp; Kurs mit Annette<\/p>\n\n\n\n<p>Sonntag, 15.02.2026 um 18:00&nbsp;&nbsp;&nbsp;&nbsp;&nbsp;&nbsp;&nbsp;&nbsp;&nbsp;&nbsp;&nbsp;&nbsp; Practica mit Ren\u00e9<\/p>\n\n\n\n<p>Sonntag, 22.02.2026 um 18:00&nbsp;&nbsp;&nbsp;&nbsp;&nbsp;&nbsp;&nbsp;&nbsp;&nbsp;&nbsp;&nbsp;&nbsp; 10-Jahre UR-Tango-Tanzabend<\/p>\n\n\n\n<p>Sonntag, 08.03.2026 um 18:00&nbsp;&nbsp;&nbsp;&nbsp;&nbsp;&nbsp;&nbsp;&nbsp;&nbsp;&nbsp;&nbsp;&nbsp; Kurs mit Robert und Annette<\/p>\n\n\n\n<h4 class=\"wp-block-heading\"><span class=\"highlight\"><a href=\"https:\/\/ur-tango.ch\/?page_id=489\" data-type=\"page\" data-id=\"489\">Samstag, 21.03.2026&nbsp;                 Grosser Jubil\u00e4umsanlass in der Aula B\u00fcrglen<\/a><\/span><\/h4>\n\n\n\n<p>Sonntag, 22.03.2026 um 18:00&nbsp;&nbsp;&nbsp;&nbsp;&nbsp;&nbsp;&nbsp;&nbsp;&nbsp;&nbsp;&nbsp;&nbsp; Practica mit Ren\u00e9<\/p>\n\n\n\n<p>Sonntag, 29.03.2026 um 18:00&nbsp;&nbsp;&nbsp;&nbsp;&nbsp;&nbsp;&nbsp;&nbsp;&nbsp;&nbsp;&nbsp;&nbsp; Kurs mit Robert und Annette<\/p>\n\n\n\n<p>Sonntag, 12.04.2026 um 18:00&nbsp;&nbsp;&nbsp;&nbsp;&nbsp;&nbsp;&nbsp;&nbsp;&nbsp;&nbsp;&nbsp;&nbsp; Practica mit Ren\u00e9<\/p>\n\n\n\n<p>Sonntag, 26.04.2026 um 18:00&nbsp;&nbsp;&nbsp;&nbsp;&nbsp;&nbsp;&nbsp;&nbsp;&nbsp;&nbsp;&nbsp;&nbsp; Kurs mit Robert und Annette<\/p>\n\n\n\n<p>Sonntag, 10.05.2026 um 18:00&nbsp;&nbsp;&nbsp;&nbsp;&nbsp;&nbsp;&nbsp;&nbsp;&nbsp;&nbsp;&nbsp;&nbsp; Kurs mit Robert und Annette<\/p>\n\n\n\n<p>Sonntag, 17.05.2026 um 18:00&nbsp;&nbsp;&nbsp;&nbsp;&nbsp;&nbsp;&nbsp;&nbsp;&nbsp;&nbsp;&nbsp;&nbsp; Practica mit Ren\u00e9<\/p>\n\n\n\n<p>(Samstag, 23.05.2026 Tanzen im Unterlehn)<\/p>\n\n\n\n<p>Sonntag, 31.05.2026 um 18:00&nbsp;&nbsp;&nbsp;&nbsp;&nbsp;&nbsp;&nbsp;&nbsp;&nbsp;&nbsp;&nbsp;&nbsp; Kurs mit Robert und Annette<\/p>\n\n\n\n<p>Sonntag, 07.06.2026 um 18:00&nbsp;&nbsp;&nbsp;&nbsp;&nbsp;&nbsp;&nbsp;&nbsp;&nbsp;&nbsp;&nbsp;&nbsp; Kurs mit Robert und Annette<\/p>\n\n\n\n<p>Sonntag, 21.06.2026 um 18:00&nbsp;&nbsp;&nbsp;&nbsp;&nbsp;&nbsp;&nbsp;&nbsp;&nbsp;&nbsp;&nbsp;&nbsp; Kurs mit Robert<\/p>\n\n\n\n<p>Sonntag, 28.06.2026 um 18:00&nbsp;&nbsp;&nbsp;&nbsp;&nbsp;&nbsp;&nbsp;&nbsp;&nbsp;&nbsp;&nbsp;&nbsp; Practica mit Ren\u00e9<\/p>\n\n\n\n<p>Sonntag, 05.07.2026 um 18:00&nbsp;&nbsp;&nbsp;&nbsp;&nbsp;&nbsp;&nbsp;&nbsp;&nbsp;&nbsp;&nbsp;&nbsp; Kurs mit Robert und Annette<\/p>\n\n\n\n<div style=\"height:68px\" aria-hidden=\"true\" class=\"wp-block-spacer\"><\/div>\n\n\n\n<h3 class=\"wp-block-heading\" id=\"tango-tanzen\"><a href=\"#tango-tanzen\">Tango tanzen<\/a><\/h3>\n\n\n\n<ul class=\"wp-block-list\">\n<li>Kurse und Practicas im Triff Altdorf<\/li>\n\n\n\n<li>Milongas mit Livemusik<\/li>\n\n\n\n<li>Workshops&nbsp;<\/li>\n<\/ul>\n\n\n\n<p>Kurse: Alle zwei Wochen, gem\u00e4ss Terminplan, kann man im Triff Altdorf Tangotanzen. Annette und Robert Schmidt zeigen neue Schrittfolgen oder arbeiten an Grundlagen. Das unterschiedliche Niveau der Teilnehmenden wird ber\u00fccksichtigt. Auch Tangoneulinge sind willkommen. Im zweiten Teil ist freies Tangotanzen angesagt. Kursgeld: Es k\u00f6nnen vor Ort 10-er Karten zum Preis von 150.- gekauft werden. Bei jeder Teilnahme wird ein Feld abgestempelt. Einmaliges Schnuppern ist gratis. Neulinge melden sich bitte vorher an, paarweise Anmeldung erw\u00fcnscht. F\u00fcr alle anderen gilt: Bitte abmelden, wenn ihr nicht kommen k\u00f6nnt.<br>Practicas: Zwischen den Kursterminen finden Practicas statt. Ebenfalls im Triff Altdorf. Hier \u00fcben und tanzen wir gemeinsam zu wundersch\u00f6ner Tangomusik. Anmeldungen werden gew\u00fcnscht.<br>Milonga: Zweimal j\u00e4hrlich, einmal im Fr\u00fchling, einmal im Herbst organisieren wir eine Milonga in einer Lokalit\u00e4t im Kanton Uri. Speziell &#8211; immer mit Live-Musik.<br>Workshop: Vor der Milonga laden wir zu einem Workshop ein mit wechselnden Tangolehrerinnen und Tangolehrern.<br>Infos gibt es \u00fcber unseren Newsletter. Anmeldung unten.<\/p>\n\n\n\n<p><\/p>\n\n\n\n<h3 class=\"wp-block-heading\" id=\"ur-tango-ensemble\"><a href=\"#ur-tango-ensemble\">UR-Tangoensemble<\/a><\/h3>\n\n\n\n<p>Aus der Begegnung der beiden Tanzmusiken argentinischer Tango und Urner Volksmusik schuf Robert Schmidt seit 2016 den UR-Tango. Im UR-Tango verbinden sich das L\u00fcpfige und Fr\u00f6hliche der Innerschweizer Volksmusik mit der Dramatik und Leidenschaft des argentinischen Tangos.<\/p>\n\n\n\n<p>Das UR-Tango-Ensemble wurde 2016 gegr\u00fcndet. Es spielt Tangos, Innerschweizer Volksmusik und vor allem pflegt es den neuen Musikstil des UR-Tangos.<\/p>\n\n\n\n<figure class=\"wp-block-image alignleft size-large is-resized\"><img loading=\"lazy\" decoding=\"async\" width=\"1024\" height=\"576\" src=\"https:\/\/ur-tango.ch\/wp-content\/uploads\/2025\/07\/UR-TANGO-ENSEMBLE-2025-1024x576.jpeg\" alt=\"\" class=\"wp-image-353\" style=\"width:361px;height:auto\" srcset=\"https:\/\/ur-tango.ch\/wp-content\/uploads\/2025\/07\/UR-TANGO-ENSEMBLE-2025-1024x576.jpeg 1024w, https:\/\/ur-tango.ch\/wp-content\/uploads\/2025\/07\/UR-TANGO-ENSEMBLE-2025-300x169.jpeg 300w, https:\/\/ur-tango.ch\/wp-content\/uploads\/2025\/07\/UR-TANGO-ENSEMBLE-2025-768x432.jpeg 768w, https:\/\/ur-tango.ch\/wp-content\/uploads\/2025\/07\/UR-TANGO-ENSEMBLE-2025-1536x864.jpeg 1536w, https:\/\/ur-tango.ch\/wp-content\/uploads\/2025\/07\/UR-TANGO-ENSEMBLE-2025-2048x1152.jpeg 2048w\" sizes=\"auto, (max-width: 1024px) 100vw, 1024px\" \/><\/figure>\n\n\n\n<p>Besetzung: Robert Schmidt &#8211; Klavier, Komposition, Arrangement, Franz Schmidig &#8211; Akkordeon, Jeanine Hauser &#8211; Bandoneon, Annette Schmidt &#8211; Fl\u00f6te, Jojo Kunz &#8211; Kontrabass<\/p>\n\n\n\n<p>CDs: Live in Altdorf 2018, Vor mir das Urnerland 2022. <br>Notenheft: 13 UR-Tango Kompositionen von Robert Schmidt. CDs und Notenheft <a href=\"https:\/\/ortschafftkultur.ch\/shop\/\" target=\"_blank\" rel=\"noreferrer noopener\">hier<\/a><a href=\"https:\/\/ortschafftkultur.ch\/shop\/\"> <\/a>zu beziehen:<\/p>\n\n\n\n<p><br><\/p>\n\n\n\n<figure class=\"wp-block-audio\"><audio controls src=\"https:\/\/ur-tango.ch\/wp-content\/uploads\/2025\/08\/im-Brunnital.mp3\"><\/audio><\/figure>\n\n\n\n<div style=\"height:16px\" aria-hidden=\"true\" class=\"wp-block-spacer\"><\/div>\n\n\n\n<p><\/p>\n\n\n\n<p><\/p>\n","protected":false},"excerpt":{"rendered":"<p>Der UR-Tango ist ein neuer Musikstil, den Robert Schmidt aus der Begegnung von argentinischem Tango und Innerschweizer Volksmusik entwickelt hat.Der [&hellip;]<\/p>\n","protected":false},"author":1,"featured_media":0,"parent":0,"menu_order":0,"comment_status":"closed","ping_status":"closed","template":"","meta":{"site-sidebar-layout":"default","site-content-layout":"","ast-site-content-layout":"default","site-content-style":"default","site-sidebar-style":"default","ast-global-header-display":"","ast-banner-title-visibility":"","ast-main-header-display":"","ast-hfb-above-header-display":"","ast-hfb-below-header-display":"","ast-hfb-mobile-header-display":"","site-post-title":"","ast-breadcrumbs-content":"","ast-featured-img":"","footer-sml-layout":"","theme-transparent-header-meta":"","adv-header-id-meta":"","stick-header-meta":"","header-above-stick-meta":"","header-main-stick-meta":"","header-below-stick-meta":"","astra-migrate-meta-layouts":"default","ast-page-background-enabled":"default","ast-page-background-meta":{"desktop":{"background-color":"var(--ast-global-color-5)","background-image":"","background-repeat":"repeat","background-position":"center center","background-size":"auto","background-attachment":"scroll","background-type":"","background-media":"","overlay-type":"","overlay-color":"","overlay-opacity":"","overlay-gradient":""},"tablet":{"background-color":"","background-image":"","background-repeat":"repeat","background-position":"center center","background-size":"auto","background-attachment":"scroll","background-type":"","background-media":"","overlay-type":"","overlay-color":"","overlay-opacity":"","overlay-gradient":""},"mobile":{"background-color":"","background-image":"","background-repeat":"repeat","background-position":"center center","background-size":"auto","background-attachment":"scroll","background-type":"","background-media":"","overlay-type":"","overlay-color":"","overlay-opacity":"","overlay-gradient":""}},"ast-content-background-meta":{"desktop":{"background-color":"var(--ast-global-color-4)","background-image":"","background-repeat":"repeat","background-position":"center center","background-size":"auto","background-attachment":"scroll","background-type":"","background-media":"","overlay-type":"","overlay-color":"","overlay-opacity":"","overlay-gradient":""},"tablet":{"background-color":"var(--ast-global-color-4)","background-image":"","background-repeat":"repeat","background-position":"center center","background-size":"auto","background-attachment":"scroll","background-type":"","background-media":"","overlay-type":"","overlay-color":"","overlay-opacity":"","overlay-gradient":""},"mobile":{"background-color":"var(--ast-global-color-4)","background-image":"","background-repeat":"repeat","background-position":"center center","background-size":"auto","background-attachment":"scroll","background-type":"","background-media":"","overlay-type":"","overlay-color":"","overlay-opacity":"","overlay-gradient":""}},"_themeisle_gutenberg_block_has_review":false,"footnotes":""},"class_list":["post-26","page","type-page","status-publish","hentry"],"_links":{"self":[{"href":"https:\/\/ur-tango.ch\/index.php?rest_route=\/wp\/v2\/pages\/26","targetHints":{"allow":["GET"]}}],"collection":[{"href":"https:\/\/ur-tango.ch\/index.php?rest_route=\/wp\/v2\/pages"}],"about":[{"href":"https:\/\/ur-tango.ch\/index.php?rest_route=\/wp\/v2\/types\/page"}],"author":[{"embeddable":true,"href":"https:\/\/ur-tango.ch\/index.php?rest_route=\/wp\/v2\/users\/1"}],"replies":[{"embeddable":true,"href":"https:\/\/ur-tango.ch\/index.php?rest_route=%2Fwp%2Fv2%2Fcomments&post=26"}],"version-history":[{"count":32,"href":"https:\/\/ur-tango.ch\/index.php?rest_route=\/wp\/v2\/pages\/26\/revisions"}],"predecessor-version":[{"id":501,"href":"https:\/\/ur-tango.ch\/index.php?rest_route=\/wp\/v2\/pages\/26\/revisions\/501"}],"wp:attachment":[{"href":"https:\/\/ur-tango.ch\/index.php?rest_route=%2Fwp%2Fv2%2Fmedia&parent=26"}],"curies":[{"name":"wp","href":"https:\/\/api.w.org\/{rel}","templated":true}]}}