{"id":489,"date":"2026-01-23T10:39:49","date_gmt":"2026-01-23T09:39:49","guid":{"rendered":"https:\/\/ur-tango.ch\/?page_id=489"},"modified":"2026-01-23T10:49:56","modified_gmt":"2026-01-23T09:49:56","slug":"10-jahre-ur-tango","status":"publish","type":"page","link":"https:\/\/ur-tango.ch\/?page_id=489","title":{"rendered":"10 Jahre Ur-Tango"},"content":{"rendered":"\n<figure class=\"wp-block-image alignright size-full is-resized\"><img loading=\"lazy\" decoding=\"async\" width=\"529\" height=\"746\" src=\"https:\/\/ur-tango.ch\/wp-content\/uploads\/2026\/01\/Flyer-Jubilaeumsanlass-1-pdf.jpg\" alt=\"\" class=\"wp-image-492\" style=\"width:455px;height:auto\"\/><\/figure>\n\n\n\n<p>Im Fr\u00fchjar 2016 startete das Projekt \u201eUR-Tango\u201c mit ersten Musik- und Tanzworkshops, gefolgt von Konzerten im Theater Uri.<br>Seitdem gibt es die Musikrichtung UR-Tango, mehrere CDs und Notenhefte, das UR-Tango Ensemble, die Tangotanzabende im TriffAltdorf und mehrere Tanzanl\u00e4sse(Milongas) im Jahr.<\/p>\n\n\n\n<p><br>Das m\u00f6chte der Verein UR-Tango mit euch allen feiern und l\u00e4dt zum grossen Anlass in die Aula B\u00fcrglen.<br>Zu h\u00f6ren und zu sehen gibt es das Orchester Tango Federal mit seinem S\u00e4nger German Regules, das UR-Tango Ensemble mit seinem&nbsp; S\u00e4nger Samy Kruse und Showtanz.<\/p>\n\n\n\n<p>Hinterher Tangotanz.<\/p>\n\n\n\n<p>Beginn 19.30 Uhr in der Aula B\u00fcrglen, Schulhausplatz, 6463 B\u00fcrglen.<\/p>\n\n\n\n<p>Vorher von\u00a0 14.30 Uhr\u00a0 bis 16.30 Uhr findet ein Tangotanzworkshop mit Angela Baciu im Triff Altdorf statt. (D\u00e4twylerstrasse 15, 6460 Altdorf).<\/p>\n\n\n\n<p>Die Anmeldung zum Tanz-Workshop ist obligatorisch.<br>anmeldung@ur-tango.ch<br><\/p>\n\n\n\n<p>Tanzworkshop: 35.- (25.-) Fr., Show:30.-(20.-) Fr.<br>Preis (in Klammern f\u00fcr Vereinsmitglieder):<\/p>\n\n\n\n<p><\/p>\n\n\n\n<p><\/p>\n\n\n\n<p><\/p>\n\n\n\n<p><\/p>\n","protected":false},"excerpt":{"rendered":"<p>Im Fr\u00fchjar 2016 startete das Projekt \u201eUR-Tango\u201c mit ersten Musik- und Tanzworkshops, gefolgt von Konzerten im Theater Uri.Seitdem gibt es [&hellip;]<\/p>\n","protected":false},"author":1,"featured_media":0,"parent":0,"menu_order":0,"comment_status":"closed","ping_status":"closed","template":"","meta":{"site-sidebar-layout":"default","site-content-layout":"","ast-site-content-layout":"default","site-content-style":"default","site-sidebar-style":"default","ast-global-header-display":"","ast-banner-title-visibility":"","ast-main-header-display":"","ast-hfb-above-header-display":"","ast-hfb-below-header-display":"","ast-hfb-mobile-header-display":"","site-post-title":"","ast-breadcrumbs-content":"","ast-featured-img":"","footer-sml-layout":"","theme-transparent-header-meta":"","adv-header-id-meta":"","stick-header-meta":"","header-above-stick-meta":"","header-main-stick-meta":"","header-below-stick-meta":"","astra-migrate-meta-layouts":"default","ast-page-background-enabled":"default","ast-page-background-meta":{"desktop":{"background-color":"var(--ast-global-color-5)","background-image":"","background-repeat":"repeat","background-position":"center center","background-size":"auto","background-attachment":"scroll","background-type":"","background-media":"","overlay-type":"","overlay-color":"","overlay-opacity":"","overlay-gradient":""},"tablet":{"background-color":"","background-image":"","background-repeat":"repeat","background-position":"center center","background-size":"auto","background-attachment":"scroll","background-type":"","background-media":"","overlay-type":"","overlay-color":"","overlay-opacity":"","overlay-gradient":""},"mobile":{"background-color":"","background-image":"","background-repeat":"repeat","background-position":"center center","background-size":"auto","background-attachment":"scroll","background-type":"","background-media":"","overlay-type":"","overlay-color":"","overlay-opacity":"","overlay-gradient":""}},"ast-content-background-meta":{"desktop":{"background-color":"var(--ast-global-color-4)","background-image":"","background-repeat":"repeat","background-position":"center center","background-size":"auto","background-attachment":"scroll","background-type":"","background-media":"","overlay-type":"","overlay-color":"","overlay-opacity":"","overlay-gradient":""},"tablet":{"background-color":"var(--ast-global-color-4)","background-image":"","background-repeat":"repeat","background-position":"center center","background-size":"auto","background-attachment":"scroll","background-type":"","background-media":"","overlay-type":"","overlay-color":"","overlay-opacity":"","overlay-gradient":""},"mobile":{"background-color":"var(--ast-global-color-4)","background-image":"","background-repeat":"repeat","background-position":"center center","background-size":"auto","background-attachment":"scroll","background-type":"","background-media":"","overlay-type":"","overlay-color":"","overlay-opacity":"","overlay-gradient":""}},"_themeisle_gutenberg_block_has_review":false,"footnotes":""},"class_list":["post-489","page","type-page","status-publish","hentry"],"_links":{"self":[{"href":"https:\/\/ur-tango.ch\/index.php?rest_route=\/wp\/v2\/pages\/489","targetHints":{"allow":["GET"]}}],"collection":[{"href":"https:\/\/ur-tango.ch\/index.php?rest_route=\/wp\/v2\/pages"}],"about":[{"href":"https:\/\/ur-tango.ch\/index.php?rest_route=\/wp\/v2\/types\/page"}],"author":[{"embeddable":true,"href":"https:\/\/ur-tango.ch\/index.php?rest_route=\/wp\/v2\/users\/1"}],"replies":[{"embeddable":true,"href":"https:\/\/ur-tango.ch\/index.php?rest_route=%2Fwp%2Fv2%2Fcomments&post=489"}],"version-history":[{"count":4,"href":"https:\/\/ur-tango.ch\/index.php?rest_route=\/wp\/v2\/pages\/489\/revisions"}],"predecessor-version":[{"id":500,"href":"https:\/\/ur-tango.ch\/index.php?rest_route=\/wp\/v2\/pages\/489\/revisions\/500"}],"wp:attachment":[{"href":"https:\/\/ur-tango.ch\/index.php?rest_route=%2Fwp%2Fv2%2Fmedia&parent=489"}],"curies":[{"name":"wp","href":"https:\/\/api.w.org\/{rel}","templated":true}]}}